{"id":8,"date":"2020-02-08T19:48:10","date_gmt":"2020-02-08T18:48:10","guid":{"rendered":"http:\/\/institut-sbk.de\/en\/?page_id=8"},"modified":"2025-11-17T23:53:20","modified_gmt":"2025-11-17T22:53:20","slug":"about-us","status":"publish","type":"page","link":"https:\/\/institut-sbk.de\/en\/about-us\/","title":{"rendered":"About us"},"content":{"rendered":"\n<p>The Institute for Language, Education, and Culture offers high-quality German courses and a further education program for German as a Foreign and Second Language.<\/p>\n\n\n\n<p class=\"has-medium-font-size\"><strong>Institute for Language, Education, and Culture<\/strong><\/p>\n\n\n\n<p>Your address for language courses, further education, and certified exams in Dortmund.<\/p>\n\n\n\n<p class=\"has-medium-font-size\"><strong>Language School<\/strong><\/p>\n\n\n\n<p>Our language school offers tailored German courses for:<\/p>\n\n\n\n<ul>\n<li><strong>Students<\/strong>: Preparation for studying in Germany with intensive language courses.<\/li>\n\n\n\n<li><strong>German for the Workplace<\/strong>: Improving and deepening German language skills.<\/li>\n\n\n\n<li><strong>Migrants<\/strong>: Practical language teaching.<\/li>\n<\/ul>\n\n\n\n<p>Our experienced instructors teach in a practical manner and are up to date with the latest research. We also create individual support plans for the participants of our language school\u2014an offering that sets us apart from other language schools. Here, you benefit from personalized support tailored specifically to your needs.<\/p>\n\n\n\n<p class=\"has-medium-font-size\"><strong>Further Education Institute for German as a Second and Foreign Language (DaZ\/DaF)<\/strong><\/p>\n\n\n\n<p>Our further education institute is aimed at:<\/p>\n\n\n\n<ul>\n<li>Teachers<\/li>\n\n\n\n<li>Social workers<\/li>\n\n\n\n<li>Social educators<\/li>\n\n\n\n<li>Early childhood educators<\/li>\n\n\n\n<li>Educators<\/li>\n<\/ul>\n\n\n\n<p>We offer seminars and workshops that strengthen and expand your professional skills.<\/p>\n\n\n\n<p>The institute employs experts who are experienced in teaching and can offer instruction based on the latest standards.<\/p>\n\n\n\n<p><strong>Scientific Advisory Board<\/strong><\/p>\n\n\n\n<p>Vorsitzende: Prof. Dr. Larysa Tarasevich<\/p>\n\n\n\n<p>Stellvertreter: Prof. Dr. Ludger Hoffmann (TU Dortmund -Lehrstuhl f\u00fcr Deutsche Sprache, Deutsch als Fremd-\/Zweitsprache<\/p>\n\n\n\n<p><strong>Other members of the scientific advisory board and our team of lecturers:<\/strong><\/p>\n\n\n\n<p>\u00b7&nbsp;&nbsp;Dr. Cana Bayrak (Westf\u00e4lische Wilhelms-Universit\u00e4t M\u00fcnster)<\/p>\n\n\n\n<p>\u00b7&nbsp;&nbsp;Prof. Eva Briedigkeit (FH S\u00fcdwestfalen)<\/p>\n\n\n\n<p>\u00b7&nbsp;&nbsp;Dr. Kirsten Br\u00f6cher-Drabent (Technische Universit\u00e4t Dortmund)<\/p>\n\n\n\n<p>\u00b7&nbsp;&nbsp;Dr. Annika Frank (Technische Universit\u00e4t Dortmund)<\/p>\n\n\n\n<p>\u00b7&nbsp;&nbsp;Prof. Dr. Grie\u00dfhaber (Westf\u00e4lische Wilhelms-Universit\u00e4t M\u00fcnster)<\/p>\n\n\n\n<p>\u00b7&nbsp;&nbsp;Dr. Habib G\u00fcnesli (Universit\u00e4t Paderborn)<\/p>\n\n\n\n<p>\u00b7&nbsp;&nbsp;Dr. Erkan G\u00fcrsoy (Universit\u00e4t Duisburg-Essen)<\/p>\n\n\n\n<p>\u00b7&nbsp;&nbsp;Dr. Shinichi Kameyama (Technische Universit\u00e4t Dortmund)<\/p>\n\n\n\n<p>\u00b7&nbsp;&nbsp;Dr. Olga Naumovich (Technische Universit\u00e4t Dortmund)<\/p>\n\n\n\n<p>\u00b7&nbsp;&nbsp;Dr. Erkan \u00d6zdil (Technische Universit\u00e4t Dortmund)<\/p>\n\n\n\n<p>\u00b7&nbsp;&nbsp;Dr. Monika Riedel (Technische Universit\u00e4t Dortmund)<\/p>\n\n\n\n<p>\u00b7&nbsp;&nbsp;Dr. Pembe Sahiner (Technische Universit\u00e4t Dortmund)<\/p>\n\n\n\n<p>\u00b7&nbsp;&nbsp;PD Dr. Lirim Selmani (Westf\u00e4lische Wilhelms-Universit\u00e4t M\u00fcnster)<\/p>\n\n\n\n<p>\u00b7&nbsp;&nbsp;Mihail Sotkov, M.A. (Technische Universit\u00e4t Dortmund)<\/p>\n\n\n\n<p><strong>Location<\/strong><\/p>\n\n\n\n<p>The Institute f\u00fcr Sprache, Bildung und Kultur GbR is located at Hermannstra\u00dfe 40-42 in Dortmund. It is extremely conveniently located and can be reached from Dortmund main station in just 10 minutes by taking the U41 underground line. The proximity to the U41 underground line and the H\u00f6rde train station makes it easy to get here by public transport.<\/p>\n\n\n\n<p>Lake Phoenix, which is only a 5-minute walk away, is a beautiful leisure and recreation area. It offers an idyllic setting with green meadows, well-kept lakeside promenades and modern architecture. There you can take walks along the lake, go cycling or simply enjoy nature. There are also caf\u00e9s and restaurants on the lake that invite you to relax and enjoy the lake location. Water sports activities such as sailing and pedal boating are also popular.<\/p>\n\n\n\n<p>There are various options for getting to H\u00f6rde in Dortmund by public transport. The RB 53, RE 57 and S4 train lines, the U41 underground line and the 430, 440 and 455 bus lines pass through the H\u00f6rde district and offer good connections to the Institut f\u00fcr Sprache, Bildung und Kultur GbR.<\/p>\n\n\n\n<figure class=\"wp-block-gallery has-nested-images columns-default is-cropped wp-block-gallery-1 is-layout-flex wp-block-gallery-is-layout-flex\">\n<figure class=\"wp-block-image size-large\"><img loading=\"lazy\" decoding=\"async\" width=\"1024\" height=\"768\" data-id=\"170\" src=\"https:\/\/institut-sbk.de\/en\/wp-content\/uploads\/sites\/3\/2023\/07\/WhatsApp-Image-2023-07-07-at-12.26.29-1024x768.jpeg\" alt=\"\" class=\"wp-image-170\" srcset=\"https:\/\/institut-sbk.de\/en\/wp-content\/uploads\/sites\/3\/2023\/07\/WhatsApp-Image-2023-07-07-at-12.26.29-1024x768.jpeg 1024w, https:\/\/institut-sbk.de\/en\/wp-content\/uploads\/sites\/3\/2023\/07\/WhatsApp-Image-2023-07-07-at-12.26.29-300x225.jpeg 300w, https:\/\/institut-sbk.de\/en\/wp-content\/uploads\/sites\/3\/2023\/07\/WhatsApp-Image-2023-07-07-at-12.26.29-768x576.jpeg 768w, https:\/\/institut-sbk.de\/en\/wp-content\/uploads\/sites\/3\/2023\/07\/WhatsApp-Image-2023-07-07-at-12.26.29-1536x1152.jpeg 1536w, https:\/\/institut-sbk.de\/en\/wp-content\/uploads\/sites\/3\/2023\/07\/WhatsApp-Image-2023-07-07-at-12.26.29.jpeg 2016w\" sizes=\"(max-width: 706px) 89vw, (max-width: 767px) 82vw, 740px\" \/><\/figure>\n\n\n\n<figure class=\"wp-block-image size-large\"><img loading=\"lazy\" decoding=\"async\" width=\"1024\" height=\"768\" data-id=\"171\" src=\"https:\/\/institut-sbk.de\/en\/wp-content\/uploads\/sites\/3\/2023\/07\/WhatsApp-Image-2023-07-07-at-12.29.53-1024x768.jpeg\" alt=\"\" class=\"wp-image-171\" srcset=\"https:\/\/institut-sbk.de\/en\/wp-content\/uploads\/sites\/3\/2023\/07\/WhatsApp-Image-2023-07-07-at-12.29.53-1024x768.jpeg 1024w, https:\/\/institut-sbk.de\/en\/wp-content\/uploads\/sites\/3\/2023\/07\/WhatsApp-Image-2023-07-07-at-12.29.53-300x225.jpeg 300w, https:\/\/institut-sbk.de\/en\/wp-content\/uploads\/sites\/3\/2023\/07\/WhatsApp-Image-2023-07-07-at-12.29.53-768x576.jpeg 768w, https:\/\/institut-sbk.de\/en\/wp-content\/uploads\/sites\/3\/2023\/07\/WhatsApp-Image-2023-07-07-at-12.29.53-1536x1152.jpeg 1536w, https:\/\/institut-sbk.de\/en\/wp-content\/uploads\/sites\/3\/2023\/07\/WhatsApp-Image-2023-07-07-at-12.29.53.jpeg 2048w\" sizes=\"(max-width: 706px) 89vw, (max-width: 767px) 82vw, 740px\" \/><\/figure>\n\n\n\n<figure class=\"wp-block-image size-large\"><img loading=\"lazy\" decoding=\"async\" width=\"1024\" height=\"731\" data-id=\"172\" src=\"https:\/\/institut-sbk.de\/en\/wp-content\/uploads\/sites\/3\/2023\/07\/WhatsApp-Image-2023-07-07-at-12.31.24-1-1024x731.jpeg\" alt=\"\" class=\"wp-image-172\" srcset=\"https:\/\/institut-sbk.de\/en\/wp-content\/uploads\/sites\/3\/2023\/07\/WhatsApp-Image-2023-07-07-at-12.31.24-1-1024x731.jpeg 1024w, https:\/\/institut-sbk.de\/en\/wp-content\/uploads\/sites\/3\/2023\/07\/WhatsApp-Image-2023-07-07-at-12.31.24-1-300x214.jpeg 300w, https:\/\/institut-sbk.de\/en\/wp-content\/uploads\/sites\/3\/2023\/07\/WhatsApp-Image-2023-07-07-at-12.31.24-1-768x549.jpeg 768w, https:\/\/institut-sbk.de\/en\/wp-content\/uploads\/sites\/3\/2023\/07\/WhatsApp-Image-2023-07-07-at-12.31.24-1-1536x1097.jpeg 1536w, https:\/\/institut-sbk.de\/en\/wp-content\/uploads\/sites\/3\/2023\/07\/WhatsApp-Image-2023-07-07-at-12.31.24-1.jpeg 2016w\" sizes=\"(max-width: 706px) 89vw, (max-width: 767px) 82vw, 740px\" \/><\/figure>\n<\/figure>\n\n\n\n<figure class=\"wp-block-gallery has-nested-images columns-default is-cropped wp-block-gallery-2 is-layout-flex wp-block-gallery-is-layout-flex\">\n<figure class=\"wp-block-image size-large\"><img loading=\"lazy\" decoding=\"async\" width=\"768\" height=\"1024\" data-id=\"176\" src=\"https:\/\/institut-sbk.de\/en\/wp-content\/uploads\/sites\/3\/2023\/07\/WhatsApp-Image-2023-07-07-at-12.26.30-1-768x1024.jpeg\" alt=\"\" class=\"wp-image-176\" srcset=\"https:\/\/institut-sbk.de\/en\/wp-content\/uploads\/sites\/3\/2023\/07\/WhatsApp-Image-2023-07-07-at-12.26.30-1-768x1024.jpeg 768w, https:\/\/institut-sbk.de\/en\/wp-content\/uploads\/sites\/3\/2023\/07\/WhatsApp-Image-2023-07-07-at-12.26.30-1-225x300.jpeg 225w, https:\/\/institut-sbk.de\/en\/wp-content\/uploads\/sites\/3\/2023\/07\/WhatsApp-Image-2023-07-07-at-12.26.30-1-1152x1536.jpeg 1152w, https:\/\/institut-sbk.de\/en\/wp-content\/uploads\/sites\/3\/2023\/07\/WhatsApp-Image-2023-07-07-at-12.26.30-1.jpeg 1512w\" sizes=\"(max-width: 706px) 89vw, (max-width: 767px) 82vw, 740px\" \/><\/figure>\n\n\n\n<figure class=\"wp-block-image size-large\"><img loading=\"lazy\" decoding=\"async\" width=\"1024\" height=\"768\" data-id=\"177\" src=\"https:\/\/institut-sbk.de\/en\/wp-content\/uploads\/sites\/3\/2023\/07\/WhatsApp-Image-2023-07-07-at-12.31.24-2-1024x768.jpeg\" alt=\"\" class=\"wp-image-177\" srcset=\"https:\/\/institut-sbk.de\/en\/wp-content\/uploads\/sites\/3\/2023\/07\/WhatsApp-Image-2023-07-07-at-12.31.24-2-1024x768.jpeg 1024w, https:\/\/institut-sbk.de\/en\/wp-content\/uploads\/sites\/3\/2023\/07\/WhatsApp-Image-2023-07-07-at-12.31.24-2-300x225.jpeg 300w, https:\/\/institut-sbk.de\/en\/wp-content\/uploads\/sites\/3\/2023\/07\/WhatsApp-Image-2023-07-07-at-12.31.24-2-768x576.jpeg 768w, https:\/\/institut-sbk.de\/en\/wp-content\/uploads\/sites\/3\/2023\/07\/WhatsApp-Image-2023-07-07-at-12.31.24-2-1536x1152.jpeg 1536w, https:\/\/institut-sbk.de\/en\/wp-content\/uploads\/sites\/3\/2023\/07\/WhatsApp-Image-2023-07-07-at-12.31.24-2.jpeg 2016w\" sizes=\"(max-width: 706px) 89vw, (max-width: 767px) 82vw, 740px\" \/><\/figure>\n\n\n\n<figure class=\"wp-block-image size-large\"><img loading=\"lazy\" decoding=\"async\" width=\"1024\" height=\"768\" data-id=\"178\" src=\"https:\/\/institut-sbk.de\/en\/wp-content\/uploads\/sites\/3\/2023\/07\/WhatsApp-Image-2023-07-07-at-12.43.00-1024x768.jpeg\" alt=\"\" class=\"wp-image-178\" srcset=\"https:\/\/institut-sbk.de\/en\/wp-content\/uploads\/sites\/3\/2023\/07\/WhatsApp-Image-2023-07-07-at-12.43.00-1024x768.jpeg 1024w, https:\/\/institut-sbk.de\/en\/wp-content\/uploads\/sites\/3\/2023\/07\/WhatsApp-Image-2023-07-07-at-12.43.00-300x225.jpeg 300w, https:\/\/institut-sbk.de\/en\/wp-content\/uploads\/sites\/3\/2023\/07\/WhatsApp-Image-2023-07-07-at-12.43.00-768x576.jpeg 768w, https:\/\/institut-sbk.de\/en\/wp-content\/uploads\/sites\/3\/2023\/07\/WhatsApp-Image-2023-07-07-at-12.43.00-1536x1152.jpeg 1536w, https:\/\/institut-sbk.de\/en\/wp-content\/uploads\/sites\/3\/2023\/07\/WhatsApp-Image-2023-07-07-at-12.43.00.jpeg 2016w\" sizes=\"(max-width: 706px) 89vw, (max-width: 767px) 82vw, 740px\" \/><\/figure>\n<\/figure>\n","protected":false},"excerpt":{"rendered":"<p>The Institute for Language, Education, and Culture offers high-quality German courses and a further education program for German as a Foreign and Second Language. Institute for Language, Education, and Culture Your address for language courses, further education, and certified exams in Dortmund. Language School Our language school offers tailored German courses for: Our experienced instructors &hellip; <\/p>\n<p class=\"link-more\"><a href=\"https:\/\/institut-sbk.de\/en\/about-us\/\" class=\"more-link\">Continue reading<span class=\"screen-reader-text\"> &#8220;About us&#8221;<\/span><\/a><\/p>\n","protected":false},"author":1,"featured_media":0,"parent":0,"menu_order":0,"comment_status":"closed","ping_status":"closed","template":"","meta":{"footnotes":""},"yoast_head":"<!-- This site is optimized with the Yoast SEO plugin v23.9 - https:\/\/yoast.com\/wordpress\/plugins\/seo\/ -->\n<title>About us - Institut f\u00fcr Sprache, Bildung und Kultur<\/title>\n<meta name=\"robots\" content=\"index, follow, max-snippet:-1, max-image-preview:large, max-video-preview:-1\" \/>\n<link rel=\"canonical\" href=\"https:\/\/institut-sbk.de\/en\/about-us\/\" \/>\n<meta property=\"og:locale\" content=\"en_US\" \/>\n<meta property=\"og:type\" content=\"article\" \/>\n<meta property=\"og:title\" content=\"About us - Institut f\u00fcr Sprache, Bildung und Kultur\" \/>\n<meta property=\"og:description\" content=\"The Institute for Language, Education, and Culture offers high-quality German courses and a further education program for German as a Foreign and Second Language. Institute for Language, Education, and Culture Your address for language courses, further education, and certified exams in Dortmund. Language School Our language school offers tailored German courses for: Our experienced instructors &hellip; Continue reading &quot;About us&quot;\" \/>\n<meta property=\"og:url\" content=\"https:\/\/institut-sbk.de\/en\/about-us\/\" \/>\n<meta property=\"og:site_name\" content=\"Institut f\u00fcr Sprache, Bildung und Kultur\" \/>\n<meta property=\"article:modified_time\" content=\"2025-11-17T22:53:20+00:00\" \/>\n<meta property=\"og:image\" content=\"https:\/\/institut-sbk.de\/en\/wp-content\/uploads\/sites\/3\/2023\/07\/WhatsApp-Image-2023-07-07-at-12.26.29-1024x768.jpeg\" \/>\n<meta name=\"twitter:card\" content=\"summary_large_image\" \/>\n<meta name=\"twitter:label1\" content=\"Est. reading time\" \/>\n\t<meta name=\"twitter:data1\" content=\"4 minutes\" \/>\n<script type=\"application\/ld+json\" class=\"yoast-schema-graph\">{\"@context\":\"https:\/\/schema.org\",\"@graph\":[{\"@type\":\"WebPage\",\"@id\":\"https:\/\/institut-sbk.de\/en\/about-us\/\",\"url\":\"https:\/\/institut-sbk.de\/en\/about-us\/\",\"name\":\"About us - Institut f\u00fcr Sprache, Bildung und Kultur\",\"isPartOf\":{\"@id\":\"https:\/\/institut-sbk.de\/en\/#website\"},\"primaryImageOfPage\":{\"@id\":\"https:\/\/institut-sbk.de\/en\/about-us\/#primaryimage\"},\"image\":{\"@id\":\"https:\/\/institut-sbk.de\/en\/about-us\/#primaryimage\"},\"thumbnailUrl\":\"https:\/\/institut-sbk.de\/en\/wp-content\/uploads\/sites\/3\/2023\/07\/WhatsApp-Image-2023-07-07-at-12.26.29-1024x768.jpeg\",\"datePublished\":\"2020-02-08T18:48:10+00:00\",\"dateModified\":\"2025-11-17T22:53:20+00:00\",\"breadcrumb\":{\"@id\":\"https:\/\/institut-sbk.de\/en\/about-us\/#breadcrumb\"},\"inLanguage\":\"en-US\",\"potentialAction\":[{\"@type\":\"ReadAction\",\"target\":[\"https:\/\/institut-sbk.de\/en\/about-us\/\"]}]},{\"@type\":\"ImageObject\",\"inLanguage\":\"en-US\",\"@id\":\"https:\/\/institut-sbk.de\/en\/about-us\/#primaryimage\",\"url\":\"https:\/\/institut-sbk.de\/en\/wp-content\/uploads\/sites\/3\/2023\/07\/WhatsApp-Image-2023-07-07-at-12.26.29-1024x768.jpeg\",\"contentUrl\":\"https:\/\/institut-sbk.de\/en\/wp-content\/uploads\/sites\/3\/2023\/07\/WhatsApp-Image-2023-07-07-at-12.26.29-1024x768.jpeg\"},{\"@type\":\"BreadcrumbList\",\"@id\":\"https:\/\/institut-sbk.de\/en\/about-us\/#breadcrumb\",\"itemListElement\":[{\"@type\":\"ListItem\",\"position\":1,\"name\":\"Startseite\",\"item\":\"https:\/\/institut-sbk.de\/en\/\"},{\"@type\":\"ListItem\",\"position\":2,\"name\":\"About us\"}]},{\"@type\":\"WebSite\",\"@id\":\"https:\/\/institut-sbk.de\/en\/#website\",\"url\":\"https:\/\/institut-sbk.de\/en\/\",\"name\":\"Institut f\u00fcr Sprache, Bildung und Kultur\",\"description\":\"\",\"publisher\":{\"@id\":\"https:\/\/institut-sbk.de\/en\/#organization\"},\"inLanguage\":\"en-US\"},{\"@type\":\"Organization\",\"@id\":\"https:\/\/institut-sbk.de\/en\/#organization\",\"name\":\"Institut f\u00fcr Sprache, Bildung und Kultur\",\"url\":\"https:\/\/institut-sbk.de\/en\/\",\"logo\":{\"@type\":\"ImageObject\",\"inLanguage\":\"en-US\",\"@id\":\"https:\/\/institut-sbk.de\/en\/#\/schema\/logo\/image\/\",\"url\":\"https:\/\/institut-sbk.de\/en\/wp-content\/uploads\/sites\/3\/2023\/06\/cropped-C63F45D8-37FE-46A7-AABC-8703E469CDD5.png\",\"contentUrl\":\"https:\/\/institut-sbk.de\/en\/wp-content\/uploads\/sites\/3\/2023\/06\/cropped-C63F45D8-37FE-46A7-AABC-8703E469CDD5.png\",\"width\":250,\"height\":250,\"caption\":\"Institut f\u00fcr Sprache, Bildung und Kultur\"},\"image\":{\"@id\":\"https:\/\/institut-sbk.de\/en\/#\/schema\/logo\/image\/\"}}]}<\/script>\n<!-- \/ Yoast SEO plugin. -->","yoast_head_json":{"title":"About us - Institut f\u00fcr Sprache, Bildung und Kultur","robots":{"index":"index","follow":"follow","max-snippet":"max-snippet:-1","max-image-preview":"max-image-preview:large","max-video-preview":"max-video-preview:-1"},"canonical":"https:\/\/institut-sbk.de\/en\/about-us\/","og_locale":"en_US","og_type":"article","og_title":"About us - Institut f\u00fcr Sprache, Bildung und Kultur","og_description":"The Institute for Language, Education, and Culture offers high-quality German courses and a further education program for German as a Foreign and Second Language. Institute for Language, Education, and Culture Your address for language courses, further education, and certified exams in Dortmund. Language School Our language school offers tailored German courses for: Our experienced instructors &hellip; Continue reading \"About us\"","og_url":"https:\/\/institut-sbk.de\/en\/about-us\/","og_site_name":"Institut f\u00fcr Sprache, Bildung und Kultur","article_modified_time":"2025-11-17T22:53:20+00:00","og_image":[{"url":"https:\/\/institut-sbk.de\/en\/wp-content\/uploads\/sites\/3\/2023\/07\/WhatsApp-Image-2023-07-07-at-12.26.29-1024x768.jpeg"}],"twitter_card":"summary_large_image","twitter_misc":{"Est. reading time":"4 minutes"},"schema":{"@context":"https:\/\/schema.org","@graph":[{"@type":"WebPage","@id":"https:\/\/institut-sbk.de\/en\/about-us\/","url":"https:\/\/institut-sbk.de\/en\/about-us\/","name":"About us - Institut f\u00fcr Sprache, Bildung und Kultur","isPartOf":{"@id":"https:\/\/institut-sbk.de\/en\/#website"},"primaryImageOfPage":{"@id":"https:\/\/institut-sbk.de\/en\/about-us\/#primaryimage"},"image":{"@id":"https:\/\/institut-sbk.de\/en\/about-us\/#primaryimage"},"thumbnailUrl":"https:\/\/institut-sbk.de\/en\/wp-content\/uploads\/sites\/3\/2023\/07\/WhatsApp-Image-2023-07-07-at-12.26.29-1024x768.jpeg","datePublished":"2020-02-08T18:48:10+00:00","dateModified":"2025-11-17T22:53:20+00:00","breadcrumb":{"@id":"https:\/\/institut-sbk.de\/en\/about-us\/#breadcrumb"},"inLanguage":"en-US","potentialAction":[{"@type":"ReadAction","target":["https:\/\/institut-sbk.de\/en\/about-us\/"]}]},{"@type":"ImageObject","inLanguage":"en-US","@id":"https:\/\/institut-sbk.de\/en\/about-us\/#primaryimage","url":"https:\/\/institut-sbk.de\/en\/wp-content\/uploads\/sites\/3\/2023\/07\/WhatsApp-Image-2023-07-07-at-12.26.29-1024x768.jpeg","contentUrl":"https:\/\/institut-sbk.de\/en\/wp-content\/uploads\/sites\/3\/2023\/07\/WhatsApp-Image-2023-07-07-at-12.26.29-1024x768.jpeg"},{"@type":"BreadcrumbList","@id":"https:\/\/institut-sbk.de\/en\/about-us\/#breadcrumb","itemListElement":[{"@type":"ListItem","position":1,"name":"Startseite","item":"https:\/\/institut-sbk.de\/en\/"},{"@type":"ListItem","position":2,"name":"About us"}]},{"@type":"WebSite","@id":"https:\/\/institut-sbk.de\/en\/#website","url":"https:\/\/institut-sbk.de\/en\/","name":"Institut f\u00fcr Sprache, Bildung und Kultur","description":"","publisher":{"@id":"https:\/\/institut-sbk.de\/en\/#organization"},"inLanguage":"en-US"},{"@type":"Organization","@id":"https:\/\/institut-sbk.de\/en\/#organization","name":"Institut f\u00fcr Sprache, Bildung und Kultur","url":"https:\/\/institut-sbk.de\/en\/","logo":{"@type":"ImageObject","inLanguage":"en-US","@id":"https:\/\/institut-sbk.de\/en\/#\/schema\/logo\/image\/","url":"https:\/\/institut-sbk.de\/en\/wp-content\/uploads\/sites\/3\/2023\/06\/cropped-C63F45D8-37FE-46A7-AABC-8703E469CDD5.png","contentUrl":"https:\/\/institut-sbk.de\/en\/wp-content\/uploads\/sites\/3\/2023\/06\/cropped-C63F45D8-37FE-46A7-AABC-8703E469CDD5.png","width":250,"height":250,"caption":"Institut f\u00fcr Sprache, Bildung und Kultur"},"image":{"@id":"https:\/\/institut-sbk.de\/en\/#\/schema\/logo\/image\/"}}]}},"_links":{"self":[{"href":"https:\/\/institut-sbk.de\/en\/wp-json\/wp\/v2\/pages\/8"}],"collection":[{"href":"https:\/\/institut-sbk.de\/en\/wp-json\/wp\/v2\/pages"}],"about":[{"href":"https:\/\/institut-sbk.de\/en\/wp-json\/wp\/v2\/types\/page"}],"author":[{"embeddable":true,"href":"https:\/\/institut-sbk.de\/en\/wp-json\/wp\/v2\/users\/1"}],"replies":[{"embeddable":true,"href":"https:\/\/institut-sbk.de\/en\/wp-json\/wp\/v2\/comments?post=8"}],"version-history":[{"count":14,"href":"https:\/\/institut-sbk.de\/en\/wp-json\/wp\/v2\/pages\/8\/revisions"}],"predecessor-version":[{"id":261,"href":"https:\/\/institut-sbk.de\/en\/wp-json\/wp\/v2\/pages\/8\/revisions\/261"}],"wp:attachment":[{"href":"https:\/\/institut-sbk.de\/en\/wp-json\/wp\/v2\/media?parent=8"}],"curies":[{"name":"wp","href":"https:\/\/api.w.org\/{rel}","templated":true}]}}