{"id":210,"date":"2024-11-22T16:56:19","date_gmt":"2024-11-22T15:56:19","guid":{"rendered":"https:\/\/institut-sbk.de\/en\/?page_id=210"},"modified":"2025-12-22T13:15:35","modified_gmt":"2025-12-22T12:15:35","slug":"b2","status":"publish","type":"page","link":"https:\/\/institut-sbk.de\/en\/b2\/","title":{"rendered":"B2"},"content":{"rendered":"\n<p>Would you like to take your German skills to a higher level and express yourself confidently and competently in complex situations? Our B2 German courses are perfect for you! In this course, you will improve your ability to engage in challenging conversations, understand and write detailed texts, and express yourself clearly and structurally on a wide range of topics. Our experienced teachers will guide you with practical exercises, interactive learning methods, and targeted training to further develop your language skills. The B2 course is a crucial step for anyone looking to expand their career opportunities, prepare for university studies, or lay the foundation for higher language certificates.<\/p>\n\n\n\n<p><strong>Why is achieving the B2 level crucial?<\/strong><\/p>\n\n\n\n<ul>\n<li><strong>Professional Prospects<\/strong>: The B2 language level is recognized by many employers as evidence of advanced language skills. It demonstrates your ability to engage in demanding conversations and express yourself clearly and precisely in professional contexts.<\/li>\n\n\n\n<li><strong>Access to Higher Education<\/strong>: For many study programs and academic courses, the B2 level is a basic requirement to meet the demands of university life.<\/li>\n\n\n\n<li><strong>Preparation for More Advanced Language Certificates<\/strong>: The B2 level forms the foundation for obtaining higher certificates like C1 or C2, which are required for specialized professional or academic careers.<\/li>\n<\/ul>\n\n\n\n<p><strong>Duration<\/strong>: 8 weeks (140 lessons + additional materials)<\/p>\n\n\n\n<p><br><strong>Days<\/strong>: Monday to Friday<\/p>\n\n\n\n<p><br><strong>Cost<\/strong>: 620,- Euros<\/p>\n\n\n\n<p><br><strong>Location<\/strong>: Hermannstra\u00dfe 40-42, Dortmund H\u00f6rde (near Ph\u00f6nixsee)<\/p>\n\n\n\n<p><br><strong>Activities<\/strong>: Language caf\u00e9 &amp; cultural program<\/p>\n\n\n\n<p><br><strong>Certificate<\/strong>: Included in the course price<\/p>\n\n\n\n<p class=\"has-text-align-center\">Course Dates B2:<\/p>\n\n\n\n<p class=\"has-text-align-center\">01.10.2025 \u2013 19.11.2025<\/p>\n\n\n\n<p class=\"has-text-align-center\">24.11.2025 \u2013 30.01.2026<\/p>\n\n\n\n<p class=\"has-text-align-center\">02.02.2026 \u2013 27.03.2026<\/p>\n\n\n\n<p class=\"has-text-align-center\">30.03.2026 \u2013 22.05.2026<\/p>\n\n\n\n<p class=\"has-text-align-center\">25.05.2026 \u2013 17.07.2026<\/p>\n\n\n\n<p class=\"has-text-align-center\">17.08.2026 \u2013 09.10.2026<\/p>\n\n\n\n<p class=\"has-text-align-center\">12.10.2026 \u2013 04.12.2026<\/p>\n\n\n\n<p>In addition to the regular language courses, we offer exciting supplementary programs for our participants to make learning even more diverse:<\/p>\n\n\n\n<p><strong>Language Caf\u00e9<\/strong><br>In our language caf\u00e9, you have the opportunity to speak German in a relaxed atmosphere with other course participants and teachers. Here, you can practice your language skills in conversation and make new friendships!<\/p>\n\n\n\n<p><strong>Cultural Program &amp; Excursions<\/strong><br>We regularly organize cultural excursions where we visit local attractions and cultural sites together. These trips are a great way to experience German in real-life situations and learn more about the local culture.<\/p>\n\n\n\n<p><strong>Additional Offers at No Extra Cost<\/strong><br>All our language caf\u00e9 meetings and cultural excursions are already included in the course price. There are no additional fees for these activities \u2013 allowing you to enjoy the full range of offerings and make the most of your language course!<\/p>\n","protected":false},"excerpt":{"rendered":"<p>Would you like to take your German skills to a higher level and express yourself confidently and competently in complex situations? Our B2 German courses are perfect for you! In this course, you will improve your ability to engage in challenging conversations, understand and write detailed texts, and express yourself clearly and structurally on a &hellip; <\/p>\n<p class=\"link-more\"><a href=\"https:\/\/institut-sbk.de\/en\/b2\/\" class=\"more-link\">Continue reading<span class=\"screen-reader-text\"> &#8220;B2&#8221;<\/span><\/a><\/p>\n","protected":false},"author":1,"featured_media":0,"parent":0,"menu_order":0,"comment_status":"closed","ping_status":"closed","template":"","meta":{"footnotes":""},"yoast_head":"<!-- This site is optimized with the Yoast SEO plugin v23.9 - https:\/\/yoast.com\/wordpress\/plugins\/seo\/ -->\n<title>B2 - Institut f\u00fcr Sprache, Bildung und Kultur<\/title>\n<meta name=\"robots\" content=\"index, follow, max-snippet:-1, max-image-preview:large, max-video-preview:-1\" \/>\n<link rel=\"canonical\" href=\"https:\/\/institut-sbk.de\/en\/b2\/\" \/>\n<meta property=\"og:locale\" content=\"en_US\" \/>\n<meta property=\"og:type\" content=\"article\" \/>\n<meta property=\"og:title\" content=\"B2 - Institut f\u00fcr Sprache, Bildung und Kultur\" \/>\n<meta property=\"og:description\" content=\"Would you like to take your German skills to a higher level and express yourself confidently and competently in complex situations? Our B2 German courses are perfect for you! In this course, you will improve your ability to engage in challenging conversations, understand and write detailed texts, and express yourself clearly and structurally on a &hellip; Continue reading &quot;B2&quot;\" \/>\n<meta property=\"og:url\" content=\"https:\/\/institut-sbk.de\/en\/b2\/\" \/>\n<meta property=\"og:site_name\" content=\"Institut f\u00fcr Sprache, Bildung und Kultur\" \/>\n<meta property=\"article:modified_time\" content=\"2025-12-22T12:15:35+00:00\" \/>\n<meta name=\"twitter:card\" content=\"summary_large_image\" \/>\n<meta name=\"twitter:label1\" content=\"Est. reading time\" \/>\n\t<meta name=\"twitter:data1\" content=\"2 minutes\" \/>\n<script type=\"application\/ld+json\" class=\"yoast-schema-graph\">{\"@context\":\"https:\/\/schema.org\",\"@graph\":[{\"@type\":\"WebPage\",\"@id\":\"https:\/\/institut-sbk.de\/en\/b2\/\",\"url\":\"https:\/\/institut-sbk.de\/en\/b2\/\",\"name\":\"B2 - Institut f\u00fcr Sprache, Bildung und Kultur\",\"isPartOf\":{\"@id\":\"https:\/\/institut-sbk.de\/en\/#website\"},\"datePublished\":\"2024-11-22T15:56:19+00:00\",\"dateModified\":\"2025-12-22T12:15:35+00:00\",\"breadcrumb\":{\"@id\":\"https:\/\/institut-sbk.de\/en\/b2\/#breadcrumb\"},\"inLanguage\":\"en-US\",\"potentialAction\":[{\"@type\":\"ReadAction\",\"target\":[\"https:\/\/institut-sbk.de\/en\/b2\/\"]}]},{\"@type\":\"BreadcrumbList\",\"@id\":\"https:\/\/institut-sbk.de\/en\/b2\/#breadcrumb\",\"itemListElement\":[{\"@type\":\"ListItem\",\"position\":1,\"name\":\"Startseite\",\"item\":\"https:\/\/institut-sbk.de\/en\/\"},{\"@type\":\"ListItem\",\"position\":2,\"name\":\"B2\"}]},{\"@type\":\"WebSite\",\"@id\":\"https:\/\/institut-sbk.de\/en\/#website\",\"url\":\"https:\/\/institut-sbk.de\/en\/\",\"name\":\"Institut f\u00fcr Sprache, Bildung und Kultur\",\"description\":\"\",\"publisher\":{\"@id\":\"https:\/\/institut-sbk.de\/en\/#organization\"},\"inLanguage\":\"en-US\"},{\"@type\":\"Organization\",\"@id\":\"https:\/\/institut-sbk.de\/en\/#organization\",\"name\":\"Institut f\u00fcr Sprache, Bildung und Kultur\",\"url\":\"https:\/\/institut-sbk.de\/en\/\",\"logo\":{\"@type\":\"ImageObject\",\"inLanguage\":\"en-US\",\"@id\":\"https:\/\/institut-sbk.de\/en\/#\/schema\/logo\/image\/\",\"url\":\"https:\/\/institut-sbk.de\/en\/wp-content\/uploads\/sites\/3\/2023\/06\/cropped-C63F45D8-37FE-46A7-AABC-8703E469CDD5.png\",\"contentUrl\":\"https:\/\/institut-sbk.de\/en\/wp-content\/uploads\/sites\/3\/2023\/06\/cropped-C63F45D8-37FE-46A7-AABC-8703E469CDD5.png\",\"width\":250,\"height\":250,\"caption\":\"Institut f\u00fcr Sprache, Bildung und Kultur\"},\"image\":{\"@id\":\"https:\/\/institut-sbk.de\/en\/#\/schema\/logo\/image\/\"}}]}<\/script>\n<!-- \/ Yoast SEO plugin. -->","yoast_head_json":{"title":"B2 - Institut f\u00fcr Sprache, Bildung und Kultur","robots":{"index":"index","follow":"follow","max-snippet":"max-snippet:-1","max-image-preview":"max-image-preview:large","max-video-preview":"max-video-preview:-1"},"canonical":"https:\/\/institut-sbk.de\/en\/b2\/","og_locale":"en_US","og_type":"article","og_title":"B2 - Institut f\u00fcr Sprache, Bildung und Kultur","og_description":"Would you like to take your German skills to a higher level and express yourself confidently and competently in complex situations? Our B2 German courses are perfect for you! In this course, you will improve your ability to engage in challenging conversations, understand and write detailed texts, and express yourself clearly and structurally on a &hellip; Continue reading \"B2\"","og_url":"https:\/\/institut-sbk.de\/en\/b2\/","og_site_name":"Institut f\u00fcr Sprache, Bildung und Kultur","article_modified_time":"2025-12-22T12:15:35+00:00","twitter_card":"summary_large_image","twitter_misc":{"Est. reading time":"2 minutes"},"schema":{"@context":"https:\/\/schema.org","@graph":[{"@type":"WebPage","@id":"https:\/\/institut-sbk.de\/en\/b2\/","url":"https:\/\/institut-sbk.de\/en\/b2\/","name":"B2 - Institut f\u00fcr Sprache, Bildung und Kultur","isPartOf":{"@id":"https:\/\/institut-sbk.de\/en\/#website"},"datePublished":"2024-11-22T15:56:19+00:00","dateModified":"2025-12-22T12:15:35+00:00","breadcrumb":{"@id":"https:\/\/institut-sbk.de\/en\/b2\/#breadcrumb"},"inLanguage":"en-US","potentialAction":[{"@type":"ReadAction","target":["https:\/\/institut-sbk.de\/en\/b2\/"]}]},{"@type":"BreadcrumbList","@id":"https:\/\/institut-sbk.de\/en\/b2\/#breadcrumb","itemListElement":[{"@type":"ListItem","position":1,"name":"Startseite","item":"https:\/\/institut-sbk.de\/en\/"},{"@type":"ListItem","position":2,"name":"B2"}]},{"@type":"WebSite","@id":"https:\/\/institut-sbk.de\/en\/#website","url":"https:\/\/institut-sbk.de\/en\/","name":"Institut f\u00fcr Sprache, Bildung und Kultur","description":"","publisher":{"@id":"https:\/\/institut-sbk.de\/en\/#organization"},"inLanguage":"en-US"},{"@type":"Organization","@id":"https:\/\/institut-sbk.de\/en\/#organization","name":"Institut f\u00fcr Sprache, Bildung und Kultur","url":"https:\/\/institut-sbk.de\/en\/","logo":{"@type":"ImageObject","inLanguage":"en-US","@id":"https:\/\/institut-sbk.de\/en\/#\/schema\/logo\/image\/","url":"https:\/\/institut-sbk.de\/en\/wp-content\/uploads\/sites\/3\/2023\/06\/cropped-C63F45D8-37FE-46A7-AABC-8703E469CDD5.png","contentUrl":"https:\/\/institut-sbk.de\/en\/wp-content\/uploads\/sites\/3\/2023\/06\/cropped-C63F45D8-37FE-46A7-AABC-8703E469CDD5.png","width":250,"height":250,"caption":"Institut f\u00fcr Sprache, Bildung und Kultur"},"image":{"@id":"https:\/\/institut-sbk.de\/en\/#\/schema\/logo\/image\/"}}]}},"_links":{"self":[{"href":"https:\/\/institut-sbk.de\/en\/wp-json\/wp\/v2\/pages\/210"}],"collection":[{"href":"https:\/\/institut-sbk.de\/en\/wp-json\/wp\/v2\/pages"}],"about":[{"href":"https:\/\/institut-sbk.de\/en\/wp-json\/wp\/v2\/types\/page"}],"author":[{"embeddable":true,"href":"https:\/\/institut-sbk.de\/en\/wp-json\/wp\/v2\/users\/1"}],"replies":[{"embeddable":true,"href":"https:\/\/institut-sbk.de\/en\/wp-json\/wp\/v2\/comments?post=210"}],"version-history":[{"count":7,"href":"https:\/\/institut-sbk.de\/en\/wp-json\/wp\/v2\/pages\/210\/revisions"}],"predecessor-version":[{"id":266,"href":"https:\/\/institut-sbk.de\/en\/wp-json\/wp\/v2\/pages\/210\/revisions\/266"}],"wp:attachment":[{"href":"https:\/\/institut-sbk.de\/en\/wp-json\/wp\/v2\/media?parent=210"}],"curies":[{"name":"wp","href":"https:\/\/api.w.org\/{rel}","templated":true}]}}