{"id":203,"date":"2024-11-22T16:55:50","date_gmt":"2024-11-22T15:55:50","guid":{"rendered":"https:\/\/institut-sbk.de\/en\/?page_id=203"},"modified":"2025-11-02T22:00:34","modified_gmt":"2025-11-02T21:00:34","slug":"a1","status":"publish","type":"page","link":"https:\/\/institut-sbk.de\/en\/a1\/","title":{"rendered":"A1"},"content":{"rendered":"\n<p>Are you new to Germany and want to learn the German language from scratch? Our German courses for beginners (A1) provide the ideal foundation to help you quickly navigate daily life. In our A1 courses, you will learn basic language skills, enabling you to hold simple conversations, manage everyday situations, and communicate in your new environment. Our experienced teachers will guide you step by step and support you with practical exercises and interactive learning methods.<\/p>\n\n\n\n<p><strong>Duration<\/strong>: 7 weeks (140 lessons + additional materials)<\/p>\n\n\n\n<p><br><strong>Days<\/strong>: Monday to Friday<\/p>\n\n\n\n<p><br><strong>Cost<\/strong>: 590,- Euros<\/p>\n\n\n\n<p><br><strong>Location<\/strong>: Hermannstra\u00dfe 40-42, Dortmund H\u00f6rde (near Ph\u00f6nixsee)<\/p>\n\n\n\n<p><br><strong>Activities<\/strong>: Language caf\u00e9 &amp; cultural program<\/p>\n\n\n\n<p><br><strong>Certificate<\/strong>: Included in the course price<\/p>\n\n\n\n<p class=\"has-text-align-center\">Course Dates A1:<\/p>\n\n\n\n<p class=\"has-text-align-center\">01.10.2025 \u2013 19.11.2025<\/p>\n\n\n\n<p class=\"has-text-align-center\">24.11.2025 \u2013 30.01.2026<\/p>\n\n\n\n<p class=\"has-text-align-center\">02.02.2026 \u2013 27.03.2026<\/p>\n\n\n\n<p class=\"has-text-align-center\">30.03.2026 \u2013 22.05.2026<\/p>\n\n\n\n<p class=\"has-text-align-center\">25.05.2026 \u2013 17.07.2026<\/p>\n\n\n\n<p class=\"has-text-align-center\">17.08.2026 \u2013 09.10.2026<\/p>\n\n\n\n<p class=\"has-text-align-center\">12.10.2026 \u2013 04.12.2026<\/p>\n\n\n\n<p>In addition to the regular language courses, we offer exciting supplementary programs for our participants to make learning even more diverse:<\/p>\n\n\n\n<p><strong>Language Caf\u00e9<\/strong><br>In our language caf\u00e9, you have the opportunity to speak German in a relaxed atmosphere with other course participants and teachers. Here, you can practice your language skills in conversation and make new friendships!<\/p>\n\n\n\n<p><strong>Cultural Program &amp; Excursions<\/strong><br>We regularly organize cultural excursions where we visit local attractions and cultural sites together. These trips are a great way to experience German in real-life situations and learn more about the local culture.<\/p>\n\n\n\n<p><strong>Additional Offers at No Extra Cost<\/strong><br>All our language caf\u00e9 meetings and cultural excursions are already included in the course price. There are no additional fees for these activities \u2013 allowing you to enjoy the full range of offerings and make the most of your language course!<\/p>\n","protected":false},"excerpt":{"rendered":"<p>Are you new to Germany and want to learn the German language from scratch? Our German courses for beginners (A1) provide the ideal foundation to help you quickly navigate daily life. In our A1 courses, you will learn basic language skills, enabling you to hold simple conversations, manage everyday situations, and communicate in your new &hellip; <\/p>\n<p class=\"link-more\"><a href=\"https:\/\/institut-sbk.de\/en\/a1\/\" class=\"more-link\">Continue reading<span class=\"screen-reader-text\"> &#8220;A1&#8221;<\/span><\/a><\/p>\n","protected":false},"author":1,"featured_media":0,"parent":0,"menu_order":0,"comment_status":"closed","ping_status":"closed","template":"","meta":{"footnotes":""},"yoast_head":"<!-- This site is optimized with the Yoast SEO plugin v23.9 - https:\/\/yoast.com\/wordpress\/plugins\/seo\/ -->\n<title>A1 - Institut f\u00fcr Sprache, Bildung und Kultur<\/title>\n<meta name=\"robots\" content=\"index, follow, max-snippet:-1, max-image-preview:large, max-video-preview:-1\" \/>\n<link rel=\"canonical\" href=\"https:\/\/institut-sbk.de\/en\/a1\/\" \/>\n<meta property=\"og:locale\" content=\"en_US\" \/>\n<meta property=\"og:type\" content=\"article\" \/>\n<meta property=\"og:title\" content=\"A1 - Institut f\u00fcr Sprache, Bildung und Kultur\" \/>\n<meta property=\"og:description\" content=\"Are you new to Germany and want to learn the German language from scratch? Our German courses for beginners (A1) provide the ideal foundation to help you quickly navigate daily life. In our A1 courses, you will learn basic language skills, enabling you to hold simple conversations, manage everyday situations, and communicate in your new &hellip; Continue reading &quot;A1&quot;\" \/>\n<meta property=\"og:url\" content=\"https:\/\/institut-sbk.de\/en\/a1\/\" \/>\n<meta property=\"og:site_name\" content=\"Institut f\u00fcr Sprache, Bildung und Kultur\" \/>\n<meta property=\"article:modified_time\" content=\"2025-11-02T21:00:34+00:00\" \/>\n<meta name=\"twitter:card\" content=\"summary_large_image\" \/>\n<meta name=\"twitter:label1\" content=\"Est. reading time\" \/>\n\t<meta name=\"twitter:data1\" content=\"2 minutes\" \/>\n<script type=\"application\/ld+json\" class=\"yoast-schema-graph\">{\"@context\":\"https:\/\/schema.org\",\"@graph\":[{\"@type\":\"WebPage\",\"@id\":\"https:\/\/institut-sbk.de\/en\/a1\/\",\"url\":\"https:\/\/institut-sbk.de\/en\/a1\/\",\"name\":\"A1 - Institut f\u00fcr Sprache, Bildung und Kultur\",\"isPartOf\":{\"@id\":\"https:\/\/institut-sbk.de\/en\/#website\"},\"datePublished\":\"2024-11-22T15:55:50+00:00\",\"dateModified\":\"2025-11-02T21:00:34+00:00\",\"breadcrumb\":{\"@id\":\"https:\/\/institut-sbk.de\/en\/a1\/#breadcrumb\"},\"inLanguage\":\"en-US\",\"potentialAction\":[{\"@type\":\"ReadAction\",\"target\":[\"https:\/\/institut-sbk.de\/en\/a1\/\"]}]},{\"@type\":\"BreadcrumbList\",\"@id\":\"https:\/\/institut-sbk.de\/en\/a1\/#breadcrumb\",\"itemListElement\":[{\"@type\":\"ListItem\",\"position\":1,\"name\":\"Startseite\",\"item\":\"https:\/\/institut-sbk.de\/en\/\"},{\"@type\":\"ListItem\",\"position\":2,\"name\":\"A1\"}]},{\"@type\":\"WebSite\",\"@id\":\"https:\/\/institut-sbk.de\/en\/#website\",\"url\":\"https:\/\/institut-sbk.de\/en\/\",\"name\":\"Institut f\u00fcr Sprache, Bildung und Kultur\",\"description\":\"\",\"publisher\":{\"@id\":\"https:\/\/institut-sbk.de\/en\/#organization\"},\"inLanguage\":\"en-US\"},{\"@type\":\"Organization\",\"@id\":\"https:\/\/institut-sbk.de\/en\/#organization\",\"name\":\"Institut f\u00fcr Sprache, Bildung und Kultur\",\"url\":\"https:\/\/institut-sbk.de\/en\/\",\"logo\":{\"@type\":\"ImageObject\",\"inLanguage\":\"en-US\",\"@id\":\"https:\/\/institut-sbk.de\/en\/#\/schema\/logo\/image\/\",\"url\":\"https:\/\/institut-sbk.de\/en\/wp-content\/uploads\/sites\/3\/2023\/06\/cropped-C63F45D8-37FE-46A7-AABC-8703E469CDD5.png\",\"contentUrl\":\"https:\/\/institut-sbk.de\/en\/wp-content\/uploads\/sites\/3\/2023\/06\/cropped-C63F45D8-37FE-46A7-AABC-8703E469CDD5.png\",\"width\":250,\"height\":250,\"caption\":\"Institut f\u00fcr Sprache, Bildung und Kultur\"},\"image\":{\"@id\":\"https:\/\/institut-sbk.de\/en\/#\/schema\/logo\/image\/\"}}]}<\/script>\n<!-- \/ Yoast SEO plugin. -->","yoast_head_json":{"title":"A1 - Institut f\u00fcr Sprache, Bildung und Kultur","robots":{"index":"index","follow":"follow","max-snippet":"max-snippet:-1","max-image-preview":"max-image-preview:large","max-video-preview":"max-video-preview:-1"},"canonical":"https:\/\/institut-sbk.de\/en\/a1\/","og_locale":"en_US","og_type":"article","og_title":"A1 - Institut f\u00fcr Sprache, Bildung und Kultur","og_description":"Are you new to Germany and want to learn the German language from scratch? Our German courses for beginners (A1) provide the ideal foundation to help you quickly navigate daily life. In our A1 courses, you will learn basic language skills, enabling you to hold simple conversations, manage everyday situations, and communicate in your new &hellip; Continue reading \"A1\"","og_url":"https:\/\/institut-sbk.de\/en\/a1\/","og_site_name":"Institut f\u00fcr Sprache, Bildung und Kultur","article_modified_time":"2025-11-02T21:00:34+00:00","twitter_card":"summary_large_image","twitter_misc":{"Est. reading time":"2 minutes"},"schema":{"@context":"https:\/\/schema.org","@graph":[{"@type":"WebPage","@id":"https:\/\/institut-sbk.de\/en\/a1\/","url":"https:\/\/institut-sbk.de\/en\/a1\/","name":"A1 - Institut f\u00fcr Sprache, Bildung und Kultur","isPartOf":{"@id":"https:\/\/institut-sbk.de\/en\/#website"},"datePublished":"2024-11-22T15:55:50+00:00","dateModified":"2025-11-02T21:00:34+00:00","breadcrumb":{"@id":"https:\/\/institut-sbk.de\/en\/a1\/#breadcrumb"},"inLanguage":"en-US","potentialAction":[{"@type":"ReadAction","target":["https:\/\/institut-sbk.de\/en\/a1\/"]}]},{"@type":"BreadcrumbList","@id":"https:\/\/institut-sbk.de\/en\/a1\/#breadcrumb","itemListElement":[{"@type":"ListItem","position":1,"name":"Startseite","item":"https:\/\/institut-sbk.de\/en\/"},{"@type":"ListItem","position":2,"name":"A1"}]},{"@type":"WebSite","@id":"https:\/\/institut-sbk.de\/en\/#website","url":"https:\/\/institut-sbk.de\/en\/","name":"Institut f\u00fcr Sprache, Bildung und Kultur","description":"","publisher":{"@id":"https:\/\/institut-sbk.de\/en\/#organization"},"inLanguage":"en-US"},{"@type":"Organization","@id":"https:\/\/institut-sbk.de\/en\/#organization","name":"Institut f\u00fcr Sprache, Bildung und Kultur","url":"https:\/\/institut-sbk.de\/en\/","logo":{"@type":"ImageObject","inLanguage":"en-US","@id":"https:\/\/institut-sbk.de\/en\/#\/schema\/logo\/image\/","url":"https:\/\/institut-sbk.de\/en\/wp-content\/uploads\/sites\/3\/2023\/06\/cropped-C63F45D8-37FE-46A7-AABC-8703E469CDD5.png","contentUrl":"https:\/\/institut-sbk.de\/en\/wp-content\/uploads\/sites\/3\/2023\/06\/cropped-C63F45D8-37FE-46A7-AABC-8703E469CDD5.png","width":250,"height":250,"caption":"Institut f\u00fcr Sprache, Bildung und Kultur"},"image":{"@id":"https:\/\/institut-sbk.de\/en\/#\/schema\/logo\/image\/"}}]}},"_links":{"self":[{"href":"https:\/\/institut-sbk.de\/en\/wp-json\/wp\/v2\/pages\/203"}],"collection":[{"href":"https:\/\/institut-sbk.de\/en\/wp-json\/wp\/v2\/pages"}],"about":[{"href":"https:\/\/institut-sbk.de\/en\/wp-json\/wp\/v2\/types\/page"}],"author":[{"embeddable":true,"href":"https:\/\/institut-sbk.de\/en\/wp-json\/wp\/v2\/users\/1"}],"replies":[{"embeddable":true,"href":"https:\/\/institut-sbk.de\/en\/wp-json\/wp\/v2\/comments?post=203"}],"version-history":[{"count":4,"href":"https:\/\/institut-sbk.de\/en\/wp-json\/wp\/v2\/pages\/203\/revisions"}],"predecessor-version":[{"id":255,"href":"https:\/\/institut-sbk.de\/en\/wp-json\/wp\/v2\/pages\/203\/revisions\/255"}],"wp:attachment":[{"href":"https:\/\/institut-sbk.de\/en\/wp-json\/wp\/v2\/media?parent=203"}],"curies":[{"name":"wp","href":"https:\/\/api.w.org\/{rel}","templated":true}]}}